{"id":2590,"date":"2024-08-08T11:12:11","date_gmt":"2024-08-08T15:12:11","guid":{"rendered":"https:\/\/eliteinternationalbank.com\/?page_id=2590"},"modified":"2025-12-05T16:02:19","modified_gmt":"2025-12-05T20:02:19","slug":"fondos-abandonados","status":"publish","type":"page","link":"https:\/\/eliteinternationalbank.com\/es\/fondos-abandonados\/","title":{"rendered":"Fondos Abandonados"},"content":{"rendered":"<p><div id=\"home\"><div class=\"fusion-fullwidth fullwidth-box fusion-builder-row-1 fusion-flex-container fusion-parallax-none nonhundred-percent-fullwidth non-hundred-percent-height-scrolling\" style=\"background-color: rgba(255,255,255,0);background-image: url(&quot;https:\/\/eliteinternationalbank.com\/wp-content\/uploads\/2021\/08\/vitrina-maybe-1.jpg&quot;);background-position: center center;background-repeat: no-repeat;border-width: 0px 0px 0px 0px;border-color:#eae9e9;border-style:solid;-webkit-background-size:cover;-moz-background-size:cover;-o-background-size:cover;background-size:cover;\" ><div class=\"fusion-builder-row fusion-row fusion-flex-align-items-flex-start fusion-flex-justify-content-center\" style=\"max-width:1216.8px;margin-left: calc(-4% \/ 2 );margin-right: calc(-4% \/ 2 );\"><div class=\"fusion-layout-column fusion_builder_column fusion-builder-column-0 fusion_builder_column_2_3 2_3 fusion-flex-column\"><div class=\"fusion-column-wrapper fusion-flex-justify-content-flex-start fusion-content-layout-column\" style=\"background-position:left top;background-blend-mode: overlay;background-repeat:no-repeat;-webkit-background-size:cover;-moz-background-size:cover;-o-background-size:cover;background-size:cover;padding: 178px 0px 0px 0px;\"><style type=\"text\/css\">@media only screen and (max-width:1024px) {.fusion-title.fusion-title-1{margin-top:10px!important;margin-right:!important;margin-bottom:!important; margin-left:!important;}}@media only screen and (max-width:640px) {.fusion-title.fusion-title-1{margin-top:0px!important; margin-right:0px!important;margin-bottom:20px!important; margin-left:0px!important;}}<\/style><div class=\"fusion-title title fusion-title-1 fusion-sep-none fusion-title-text fusion-title-size-one\" style=\"margin-top:50px;margin-right:0px;margin-bottom:30px;margin-left:0px;\"><h1 class=\"title-heading-left md-text-align-center fusion-responsive-typography-calculated\" style=\"margin:0;color:#25316d;--fontSize:80;line-height:1;\"><span style=\"color: #ffffff;\"><strong>Fondos Abandonados<\/strong><\/span><\/h1><\/div><\/div><style type=\"text\/css\">.fusion-body .fusion-builder-column-0{width:66.666666666667% !important;margin-top : 0px;margin-bottom : 30px;}.fusion-builder-column-0 > .fusion-column-wrapper {padding-top : 178px !important;padding-right : 0px !important;margin-right : 3.84%;padding-bottom : 0px !important;padding-left : 0px !important;margin-left : 2.88%;}@media only screen and (max-width:1024px) {.fusion-body .fusion-builder-column-0{width:80% !important;margin-bottom : 50px;}.fusion-builder-column-0 > .fusion-column-wrapper {margin-right : 3.2%;margin-left : 2.4%;}}@media only screen and (max-width:640px) {.fusion-body .fusion-builder-column-0{width:100% !important;}.fusion-builder-column-0 > .fusion-column-wrapper {margin-right : 1.92%;margin-left : 1.92%;}}<\/style><\/div><\/div><style type=\"text\/css\">.fusion-builder-row-1{filter: brightness(84%);transition: filter 0.3s ease;}.fusion-builder-row-1:hover{filter: brightness(100%);}.fusion-body .fusion-flex-container.fusion-builder-row-1{ padding-top : 0%;margin-top : 0px;padding-right : 5%;padding-bottom : 12%;margin-bottom : 0px;padding-left : 5%;}@media only screen and (max-width:1024px) {.fusion-body .fusion-flex-container.fusion-builder-row-1{ padding-top : 82px;padding-bottom : 82px;}}<\/style><\/div><\/div><div id=\"about\"><div class=\"fusion-fullwidth fullwidth-box fusion-builder-row-2 fusion-flex-container nonhundred-percent-fullwidth non-hundred-percent-height-scrolling\" style=\"background-color: rgba(255,255,255,0);background-position: left top;background-repeat: no-repeat;border-width: 0px 0px 0px 0px;border-color:#eae9e9;border-style:solid;\" ><div class=\"fusion-builder-row fusion-row fusion-flex-align-items-flex-start\" style=\"max-width:1216.8px;margin-left: calc(-4% \/ 2 );margin-right: calc(-4% \/ 2 );\"><div class=\"fusion-layout-column fusion_builder_column fusion-builder-column-1 fusion_builder_column_1_1 1_1 fusion-flex-column\"><div class=\"fusion-column-wrapper fusion-flex-justify-content-flex-start fusion-content-layout-column\" style=\"background-position:left top;background-blend-mode: overlay;background-repeat:no-repeat;-webkit-background-size:cover;-moz-background-size:cover;-o-background-size:cover;background-size:cover;padding: 0px 0px 0px 0px;\"><style type=\"text\/css\">@media only screen and (max-width:1024px) {.fusion-title.fusion-title-2{margin-top:0px!important; margin-right:0px!important;margin-bottom:20px!important;margin-left:0px!important;}}@media only screen and (max-width:640px) {.fusion-title.fusion-title-2{margin-top:0px!important; margin-right:0px!important;margin-bottom:20px!important; margin-left:0px!important;}}<\/style><div class=\"fusion-title title fusion-title-2 fusion-sep-none fusion-title-center fusion-title-text fusion-title-size-two\" style=\"margin-top:0px;margin-right:0px;margin-bottom:20px;margin-left:0px;\"><h2 class=\"title-heading-center fusion-responsive-typography-calculated\" style=\"margin:0;--fontSize:46;line-height:1.25;\">Dear Customers,<\/h2><\/div><style type=\"text\/css\">@media only screen and (max-width:1024px) {.fusion-title.fusion-title-3{margin-top:0px!important; margin-right:0px!important;margin-bottom:0px!important;margin-left:0px!important;}}@media only screen and (max-width:640px) {.fusion-title.fusion-title-3{margin-top:0px!important; margin-right:0px!important;margin-bottom:20px!important; margin-left:0px!important;}}<\/style><div class=\"fusion-title title fusion-title-3 fusion-sep-none fusion-title-text fusion-title-size-three\" style=\"margin-top:0px;margin-right:0px;margin-bottom:0px;margin-left:0px;\"><h3 class=\"title-heading-left fusion-responsive-typography-calculated\" style=\"margin:0;--fontSize:22;--minFontSize:22px;line-height:2.2;\">In compliance with <b>Law No. 36 of July 28, 1989<\/b>, as amended by <b>Law No. 294 of 2012<\/b>, abandoned or unclaimed property is considered to be those amounts of money and other liquid property that remain without movement or communication by its owner for a period of five (5) consecutive years. This provision applies to both natural and legal persons who have the right to such funds, either as original owners, beneficiaries, or heirs.<br \/>\nAccording to the law, financial institutions must submit an annual report to the Office of the Commissioner of Financial Institutions (OCIF), detailing unclaimed funds and liquid property with an aggregate value of one dollar ($1.00) or more. Subsequently, on or before December 10 of each year, the amounts that have not been claimed are transferred to the Secretary of Finance of the Government of Puerto Rico, remaining in the custody of the State. Once this transfer has been made, any claim on these funds must be managed directly with the OCIF, the entity in charge of administering the process and ensuring compliance with current regulations. <\/p>\n<p>To verify if you have in our institution unclaimed funds registered in your name, corresponding to accounts that have been inactive for more than five years, you can contact us as follows:<br \/>\nEMAIL: cservice@eliteinternationalbank.com<br \/>\nPHONE: 787-523-9398<br \/>\nPOSTAL ADDRESS: 221 Avenida Ponce De Le\u00f3n &#8211; Suite 1403, San Juan, Puerto Rico 00917<\/p>\n<p>For detailed information on the claim procedure and to check if you are entitled to claim abandoned property, we invite you to visit the official OCIF portal at the following link: <b>https:\/\/www.ocif.pr.gov\/cuentasinactivas <\/b><\/p>\n<div>\n<div>\n<div>\n<div><\/div>\n<\/div>\n<\/div>\n<\/div><\/h3><\/div><\/div><style type=\"text\/css\">.fusion-body .fusion-builder-column-1{width:100% !important;margin-top : 0px;margin-bottom : 80px;}.fusion-builder-column-1 > .fusion-column-wrapper {padding-top : 0px !important;padding-right : 0px !important;margin-right : 1.92%;padding-bottom : 0px !important;padding-left : 0px !important;margin-left : 1.92%;}@media only screen and (max-width:1024px) {.fusion-body .fusion-builder-column-1{width:100% !important;}.fusion-builder-column-1 > .fusion-column-wrapper {margin-right : 1.92%;margin-left : 1.92%;}}@media only screen and (max-width:640px) {.fusion-body .fusion-builder-column-1{width:100% !important;}.fusion-builder-column-1 > .fusion-column-wrapper {margin-right : 1.92%;margin-left : 1.92%;}}<\/style><\/div><\/div><style type=\"text\/css\">.fusion-body .fusion-flex-container.fusion-builder-row-2{ padding-top : 81px;margin-top : 0px;padding-right : 0px;padding-bottom : 0px;margin-bottom : 0px;padding-left : 0px;}<\/style><\/div><\/div><div id=\"about\"><div class=\"fusion-fullwidth fullwidth-box fusion-builder-row-3 fusion-flex-container nonhundred-percent-fullwidth non-hundred-percent-height-scrolling\" style=\"background-color: rgba(255,255,255,0);background-position: left top;background-repeat: no-repeat;border-width: 0px 0px 0px 0px;border-color:#eae9e9;border-style:solid;\" ><div class=\"fusion-builder-row fusion-row fusion-flex-align-items-flex-start\" style=\"max-width:1216.8px;margin-left: calc(-4% \/ 2 );margin-right: calc(-4% \/ 2 );\"><div class=\"fusion-layout-column fusion_builder_column fusion-builder-column-2 fusion_builder_column_1_1 1_1 fusion-flex-column\"><div class=\"fusion-column-wrapper fusion-flex-justify-content-flex-start fusion-content-layout-column\" style=\"background-position:left top;background-blend-mode: overlay;background-repeat:no-repeat;-webkit-background-size:cover;-moz-background-size:cover;-o-background-size:cover;background-size:cover;padding: 0px 0px 0px 0px;\"><style type=\"text\/css\">@media only screen and (max-width:1024px) {.fusion-title.fusion-title-4{margin-top:0px!important; margin-right:0px!important;margin-bottom:20px!important;margin-left:0px!important;}}@media only screen and (max-width:640px) {.fusion-title.fusion-title-4{margin-top:0px!important; margin-right:0px!important;margin-bottom:20px!important; margin-left:0px!important;}}<\/style><div class=\"fusion-title title fusion-title-4 fusion-sep-none fusion-title-center fusion-title-text fusion-title-size-two\" style=\"margin-top:0px;margin-right:0px;margin-bottom:20px;margin-left:0px;\"><h2 class=\"title-heading-center fusion-responsive-typography-calculated\" style=\"margin:0;--fontSize:46;line-height:1.25;\">Estimados Clientes<\/h2><\/div><style type=\"text\/css\">@media only screen and (max-width:1024px) {.fusion-title.fusion-title-5{margin-top:0px!important; margin-right:0px!important;margin-bottom:0px!important;margin-left:0px!important;}}@media only screen and (max-width:640px) {.fusion-title.fusion-title-5{margin-top:0px!important; margin-right:0px!important;margin-bottom:20px!important; margin-left:0px!important;}}<\/style><div class=\"fusion-title title fusion-title-5 fusion-sep-none fusion-title-text fusion-title-size-three\" style=\"margin-top:0px;margin-right:0px;margin-bottom:0px;margin-left:0px;\"><h3 class=\"title-heading-left fusion-responsive-typography-calculated\" style=\"margin:0;--fontSize:22;--minFontSize:22px;line-height:2.2;\"><p>En cumplimiento con la <strong>Ley N\u00fam. 36 del 28 de julio de 1989<\/strong>, seg\u00fan enmendada por la <strong>Ley N\u00fam. 294 de 2012<\/strong>, se consideran bienes abandonados o no reclamados aquellas cantidades de dinero y otros bienes l\u00edquidos que permanecen sin movimiento ni comunicaci\u00f3n por parte de su titular durante un per\u00edodo de cinco (5) a\u00f1os consecutivos. Esta disposici\u00f3n aplica tanto a personas naturales como jur\u00eddicas que tengan derecho sobre dichos fondos, ya sea como propietarios originales, beneficiarios o herederos.<\/p>\n<p>De acuerdo con la ley, las instituciones financieras deben rendir un informe anual a la <strong>Oficina del Comisionado de Instituciones Financieras (OCIF)<\/strong>, detallando los fondos y bienes l\u00edquidos no reclamados con un valor agregado de un d\u00f3lar ($1.00) o m\u00e1s. Posteriormente, en o antes del 10 de diciembre de cada a\u00f1o, las cantidades que no hayan sido reclamadas son transferidas al <strong>Secretario de Hacienda del Gobierno de Puerto Rico<\/strong>, quedando bajo la custodia del Estado. Una vez realizada esta transferencia, cualquier reclamaci\u00f3n sobre dichos fondos debe ser gestionada directamente ante la <strong>OCIF<\/strong>, entidad encargada de administrar el proceso y garantizar el cumplimiento de la normativa vigente.<\/p>\n<p>Para verificar si posee en nuestra instituci\u00f3n fondos no reclamados registrados a su nombre, correspondientes a cuentas inactivas por m\u00e1s de cinco a\u00f1os, puede comunicarse con nosotros de la siguiente manera:<\/p>\n<p>EMAIL: <a href=\"mailto:cservice@eliteinternationalbank.com\">cservice@eliteinternationalbank.com<\/a><\/p>\n<p>TELEFONO: 787-523-9398<\/p>\n<p>DIRECCION POSTAL: 221 Avenida Ponce De Le\u00f3n &#8211; Suite 1403, San Juan, Puerto Rico 00917<\/p>\n<p>Para obtener informaci\u00f3n detallada sobre el procedimiento de reclamaci\u00f3n y verificar si usted tiene derecho a reclamar bienes abandonados, le invitamos a visitar el portal oficial de la OCIF en el siguiente enlace: <a href=\"https:\/\/www.ocif.pr.gov\/cuentasinactivas\">https:\/\/www.ocif.pr.gov\/cuentasinactivas<\/a><\/p>\n<div>\n<div>\n<div>\n<div><\/div>\n<\/div>\n<\/div>\n<\/div><\/h3><\/div><\/div><style type=\"text\/css\">.fusion-body .fusion-builder-column-2{width:100% !important;margin-top : 0px;margin-bottom : 80px;}.fusion-builder-column-2 > .fusion-column-wrapper {padding-top : 0px !important;padding-right : 0px !important;margin-right : 1.92%;padding-bottom : 0px !important;padding-left : 0px !important;margin-left : 1.92%;}@media only screen and (max-width:1024px) {.fusion-body .fusion-builder-column-2{width:100% !important;}.fusion-builder-column-2 > .fusion-column-wrapper {margin-right : 1.92%;margin-left : 1.92%;}}@media only screen and (max-width:640px) {.fusion-body .fusion-builder-column-2{width:100% !important;}.fusion-builder-column-2 > .fusion-column-wrapper {margin-right : 1.92%;margin-left : 1.92%;}}<\/style><\/div><\/div><style type=\"text\/css\">.fusion-body .fusion-flex-container.fusion-builder-row-3{ padding-top : 81px;margin-top : 0px;padding-right : 0px;padding-bottom : 0px;margin-bottom : 0px;padding-left : 0px;}<\/style><\/div><\/div><div class=\"fusion-fullwidth fullwidth-box fusion-builder-row-4 fusion-flex-container nonhundred-percent-fullwidth non-hundred-percent-height-scrolling\" style=\"background-color: rgba(255,255,255,0);background-position: center center;background-repeat: no-repeat;border-width: 0px 0px 0px 0px;border-color:#eae9e9;border-style:solid;\" ><div class=\"fusion-builder-row fusion-row fusion-flex-align-items-flex-start\" style=\"max-width:1216.8px;margin-left: calc(-4% \/ 2 );margin-right: calc(-4% \/ 2 );\"><div class=\"fusion-layout-column fusion_builder_column fusion-builder-column-3 fusion_builder_column_1_1 1_1 fusion-flex-column\"><div class=\"fusion-column-wrapper fusion-flex-justify-content-flex-start fusion-content-layout-column\" style=\"background-position:left top;background-blend-mode: overlay;background-repeat:no-repeat;-webkit-background-size:cover;-moz-background-size:cover;-o-background-size:cover;background-size:cover;padding: 0px 0px 0px 0px;\"><div class=\"fusion-text fusion-text-1\"><\/div><\/div><style type=\"text\/css\">.fusion-body .fusion-builder-column-3{width:100% !important;margin-top : 0px;margin-bottom : 0px;}.fusion-builder-column-3 > .fusion-column-wrapper {padding-top : 0px !important;padding-right : 0px !important;margin-right : 1.92%;padding-bottom : 0px !important;padding-left : 0px !important;margin-left : 1.92%;}@media only screen and (max-width:1024px) {.fusion-body .fusion-builder-column-3{width:100% !important;}.fusion-builder-column-3 > .fusion-column-wrapper {margin-right : 1.92%;margin-left : 1.92%;}}@media only screen and (max-width:640px) {.fusion-body .fusion-builder-column-3{width:100% !important;}.fusion-builder-column-3 > .fusion-column-wrapper {margin-right : 1.92%;margin-left : 1.92%;}}<\/style><\/div><\/div><style type=\"text\/css\">.fusion-body .fusion-flex-container.fusion-builder-row-4{ padding-top : 0px;margin-top : 0px;padding-right : 0px;padding-bottom : 0px;margin-bottom : 0px;padding-left : 0px;}<\/style><\/div><\/p>","protected":false},"excerpt":{"rendered":"","protected":false},"author":5,"featured_media":0,"parent":0,"menu_order":0,"comment_status":"closed","ping_status":"closed","template":"100-width.php","meta":{"footnotes":""},"class_list":["post-2590","page","type-page","status-publish","hentry"],"yoast_head":"<!-- This site is optimized with the Yoast SEO plugin v26.9 - https:\/\/yoast.com\/product\/yoast-seo-wordpress\/ -->\n<title>Fondos Abandonados - Elite International Bank<\/title>\n<meta name=\"robots\" content=\"index, follow, max-snippet:-1, max-image-preview:large, max-video-preview:-1\" \/>\n<link rel=\"canonical\" href=\"https:\/\/eliteinternationalbank.com\/es\/fondos-abandonados\/\" \/>\n<meta property=\"og:locale\" content=\"es_ES\" \/>\n<meta property=\"og:type\" content=\"article\" \/>\n<meta property=\"og:title\" content=\"Fondos Abandonados - Elite International Bank\" \/>\n<meta property=\"og:url\" content=\"https:\/\/eliteinternationalbank.com\/es\/fondos-abandonados\/\" \/>\n<meta property=\"og:site_name\" content=\"Elite International Bank\" \/>\n<meta property=\"article:publisher\" content=\"https:\/\/www.facebook.com\/Elite-International-Bank-725115994915334\" \/>\n<meta property=\"article:modified_time\" content=\"2025-12-05T20:02:19+00:00\" \/>\n<meta name=\"twitter:card\" content=\"summary_large_image\" \/>\n<meta name=\"twitter:label1\" content=\"Tiempo de lectura\" \/>\n\t<meta name=\"twitter:data1\" content=\"3 minutos\" \/>\n<script type=\"application\/ld+json\" class=\"yoast-schema-graph\">{\"@context\":\"https:\/\/schema.org\",\"@graph\":[{\"@type\":\"WebPage\",\"@id\":\"https:\/\/eliteinternationalbank.com\/fondos-abandonados\/\",\"url\":\"https:\/\/eliteinternationalbank.com\/fondos-abandonados\/\",\"name\":\"Fondos Abandonados - Elite International Bank\",\"isPartOf\":{\"@id\":\"https:\/\/eliteinternationalbank.com\/#website\"},\"datePublished\":\"2024-08-08T15:12:11+00:00\",\"dateModified\":\"2025-12-05T20:02:19+00:00\",\"breadcrumb\":{\"@id\":\"https:\/\/eliteinternationalbank.com\/fondos-abandonados\/#breadcrumb\"},\"inLanguage\":\"es\",\"potentialAction\":[{\"@type\":\"ReadAction\",\"target\":[\"https:\/\/eliteinternationalbank.com\/fondos-abandonados\/\"]}]},{\"@type\":\"BreadcrumbList\",\"@id\":\"https:\/\/eliteinternationalbank.com\/fondos-abandonados\/#breadcrumb\",\"itemListElement\":[{\"@type\":\"ListItem\",\"position\":1,\"name\":\"Home\",\"item\":\"https:\/\/eliteinternationalbank.com\/\"},{\"@type\":\"ListItem\",\"position\":2,\"name\":\"Fondos Abandonados\"}]},{\"@type\":\"WebSite\",\"@id\":\"https:\/\/eliteinternationalbank.com\/#website\",\"url\":\"https:\/\/eliteinternationalbank.com\/\",\"name\":\"Elite International Bank\",\"description\":\"The bank that works for you\",\"publisher\":{\"@id\":\"https:\/\/eliteinternationalbank.com\/#organization\"},\"potentialAction\":[{\"@type\":\"SearchAction\",\"target\":{\"@type\":\"EntryPoint\",\"urlTemplate\":\"https:\/\/eliteinternationalbank.com\/?s={search_term_string}\"},\"query-input\":{\"@type\":\"PropertyValueSpecification\",\"valueRequired\":true,\"valueName\":\"search_term_string\"}}],\"inLanguage\":\"es\"},{\"@type\":\"Organization\",\"@id\":\"https:\/\/eliteinternationalbank.com\/#organization\",\"name\":\"Elite International Bank\",\"url\":\"https:\/\/eliteinternationalbank.com\/\",\"logo\":{\"@type\":\"ImageObject\",\"inLanguage\":\"es\",\"@id\":\"https:\/\/eliteinternationalbank.com\/#\/schema\/logo\/image\/\",\"url\":\"https:\/\/eliteinternationalbank.com\/wp-content\/uploads\/2021\/08\/logo-viejo-menu-color-retina.png\",\"contentUrl\":\"https:\/\/eliteinternationalbank.com\/wp-content\/uploads\/2021\/08\/logo-viejo-menu-color-retina.png\",\"width\":572,\"height\":100,\"caption\":\"Elite International Bank\"},\"image\":{\"@id\":\"https:\/\/eliteinternationalbank.com\/#\/schema\/logo\/image\/\"},\"sameAs\":[\"https:\/\/www.facebook.com\/Elite-International-Bank-725115994915334\",\"https:\/\/www.linkedin.com\/company\/elite-international-bank\/\"]}]}<\/script>\n<!-- \/ Yoast SEO plugin. -->","yoast_head_json":{"title":"Fondos Abandonados - Elite International Bank","robots":{"index":"index","follow":"follow","max-snippet":"max-snippet:-1","max-image-preview":"max-image-preview:large","max-video-preview":"max-video-preview:-1"},"canonical":"https:\/\/eliteinternationalbank.com\/es\/fondos-abandonados\/","og_locale":"es_ES","og_type":"article","og_title":"Fondos Abandonados - Elite International Bank","og_url":"https:\/\/eliteinternationalbank.com\/es\/fondos-abandonados\/","og_site_name":"Elite International Bank","article_publisher":"https:\/\/www.facebook.com\/Elite-International-Bank-725115994915334","article_modified_time":"2025-12-05T20:02:19+00:00","twitter_card":"summary_large_image","twitter_misc":{"Tiempo de lectura":"3 minutos"},"schema":{"@context":"https:\/\/schema.org","@graph":[{"@type":"WebPage","@id":"https:\/\/eliteinternationalbank.com\/fondos-abandonados\/","url":"https:\/\/eliteinternationalbank.com\/fondos-abandonados\/","name":"Fondos Abandonados - Elite International Bank","isPartOf":{"@id":"https:\/\/eliteinternationalbank.com\/#website"},"datePublished":"2024-08-08T15:12:11+00:00","dateModified":"2025-12-05T20:02:19+00:00","breadcrumb":{"@id":"https:\/\/eliteinternationalbank.com\/fondos-abandonados\/#breadcrumb"},"inLanguage":"es","potentialAction":[{"@type":"ReadAction","target":["https:\/\/eliteinternationalbank.com\/fondos-abandonados\/"]}]},{"@type":"BreadcrumbList","@id":"https:\/\/eliteinternationalbank.com\/fondos-abandonados\/#breadcrumb","itemListElement":[{"@type":"ListItem","position":1,"name":"Home","item":"https:\/\/eliteinternationalbank.com\/"},{"@type":"ListItem","position":2,"name":"Fondos Abandonados"}]},{"@type":"WebSite","@id":"https:\/\/eliteinternationalbank.com\/#website","url":"https:\/\/eliteinternationalbank.com\/","name":"Elite International Bank","description":"The bank that works for you","publisher":{"@id":"https:\/\/eliteinternationalbank.com\/#organization"},"potentialAction":[{"@type":"SearchAction","target":{"@type":"EntryPoint","urlTemplate":"https:\/\/eliteinternationalbank.com\/?s={search_term_string}"},"query-input":{"@type":"PropertyValueSpecification","valueRequired":true,"valueName":"search_term_string"}}],"inLanguage":"es"},{"@type":"Organization","@id":"https:\/\/eliteinternationalbank.com\/#organization","name":"Elite International Bank","url":"https:\/\/eliteinternationalbank.com\/","logo":{"@type":"ImageObject","inLanguage":"es","@id":"https:\/\/eliteinternationalbank.com\/#\/schema\/logo\/image\/","url":"https:\/\/eliteinternationalbank.com\/wp-content\/uploads\/2021\/08\/logo-viejo-menu-color-retina.png","contentUrl":"https:\/\/eliteinternationalbank.com\/wp-content\/uploads\/2021\/08\/logo-viejo-menu-color-retina.png","width":572,"height":100,"caption":"Elite International Bank"},"image":{"@id":"https:\/\/eliteinternationalbank.com\/#\/schema\/logo\/image\/"},"sameAs":["https:\/\/www.facebook.com\/Elite-International-Bank-725115994915334","https:\/\/www.linkedin.com\/company\/elite-international-bank\/"]}]}},"_links":{"self":[{"href":"https:\/\/eliteinternationalbank.com\/es\/wp-json\/wp\/v2\/pages\/2590","targetHints":{"allow":["GET"]}}],"collection":[{"href":"https:\/\/eliteinternationalbank.com\/es\/wp-json\/wp\/v2\/pages"}],"about":[{"href":"https:\/\/eliteinternationalbank.com\/es\/wp-json\/wp\/v2\/types\/page"}],"author":[{"embeddable":true,"href":"https:\/\/eliteinternationalbank.com\/es\/wp-json\/wp\/v2\/users\/5"}],"replies":[{"embeddable":true,"href":"https:\/\/eliteinternationalbank.com\/es\/wp-json\/wp\/v2\/comments?post=2590"}],"version-history":[{"count":12,"href":"https:\/\/eliteinternationalbank.com\/es\/wp-json\/wp\/v2\/pages\/2590\/revisions"}],"predecessor-version":[{"id":2648,"href":"https:\/\/eliteinternationalbank.com\/es\/wp-json\/wp\/v2\/pages\/2590\/revisions\/2648"}],"wp:attachment":[{"href":"https:\/\/eliteinternationalbank.com\/es\/wp-json\/wp\/v2\/media?parent=2590"}],"curies":[{"name":"wp","href":"https:\/\/api.w.org\/{rel}","templated":true}]}}